{"id":26,"date":"2023-08-09T11:43:07","date_gmt":"2023-08-09T09:43:07","guid":{"rendered":"http:\/\/ebenhoeh.pc-heike.de\/HP\/?page_id=26"},"modified":"2023-11-04T08:47:08","modified_gmt":"2023-11-04T07:47:08","slug":"impressum","status":"publish","type":"page","link":"https:\/\/ebenhoeh.pc-heike.de\/HP\/?page_id=26","title":{"rendered":"Impressum"},"content":{"rendered":"\n<p id=\"u3727-2\">Verantwortlich f\u00fcr Text und Inhalt: <br>Wolfram Ebenh\u00f6h<br>Bahnhofstra\u00dfe 7<br>85386 Eching<\/p>\n\n\n\n<p id=\"u3727-21\">Sitz der Firma<br>85386 Eching Lkr. Freising;<br>Tel. Nr.&nbsp; 089 \/ 3 19 27 69<\/p>\n\n\n\n<p id=\"u3727-31\">E-Mail: lederhosen.ebenhoeh@gmail com<br>www.lederhosen-ebenhoeh.de<\/p>\n\n\n\n<p id=\"u3727-49\">Fotos\/Zeichnungen:<\/p>\n\n\n\n<p id=\"u3727-54\">W. Ebenh\u00f6h,&nbsp; \u00a9Margit K\u00fcbrich,&nbsp; \u00a9Photo Studio Philipp Daniel &#8211; Eching, \u00a9 HLPhoto &#8211; Fotolia.com Fotolia_36707278_S Hintergrund, DUG Kuntf\u00f6rderung &#8211; Zillgitt<\/p>\n\n\n\n<h3 class=\"wp-block-heading\"><strong>1. Inhalt des Onlineangebotes<\/strong><\/h3>\n\n\n\n<p>Die Inhalte dieser Internetseite sind ausschlie\u00dflich dazu gedacht, als allgemeine Richtlinie und Orientierung f\u00fcr den pers\u00f6nlichen Interessensbereich des Benutzers zu dienen, wobei dieser f\u00fcr die Weiterverwendung der Informationen selbst verantwortlich ist. Die Informationen werden mit dem Grundverst\u00e4ndnis gegeben, dass der Herausgeber auf diesem Weg keine rechtlichen, betriebswirtschaftlichen, steuerlichen oder andere professionellen Ratschl\u00e4ge bzw. Dienstleistungen erteilt. Gesetze und Vorschriften \u00e4ndern sich st\u00e4ndig und k\u00f6nnen nur auf konkrete tats\u00e4chliche Situationen angewandt werden. Daher k\u00f6nnen und sollen die bereitgestellten Informationen eine fachliche Beratung nicht ersetzen.<\/p>\n\n\n\n<p>Der Herausgeber bem\u00fcht sich, dass die auf der Website enthaltenen Informationen und Daten zutreffend sind. Eine Haftung oder Garantie f\u00fcr die Aktualit\u00e4t, Richtigkeit und Vollst\u00e4ndigkeit der zur Verf\u00fcgung gestellten Informationen und Daten ist jedoch ausgeschlossen. Haftungsanspr\u00fcche gegen den Herausgeber, welche sich auf Sch\u00e4den beziehen, die durch die Nutzung oder Nichtnutzung der dargebotenen Informationen bzw. durch die Nutzung fehlerhafter und unvollst\u00e4ndiger Informationen verursacht wurden, sind grunds\u00e4tzlich ausgeschlossen. Alle Angebote sind freibleibend und unverbindlich. Der Herausgeber beh\u00e4lt es sich ausdr\u00fccklich vor, Teile der Seiten oder das gesamte Angebot ohne gesonderte Ank\u00fcndigung zu ver\u00e4ndern, zu erg\u00e4nzen, zu l\u00f6schen oder die Ver\u00f6ffentlichung zeitweise oder endg\u00fcltig einzustellen.<\/p>\n\n\n\n<h3 class=\"wp-block-heading\"><strong>2. Verweise und Links<\/strong><\/h3>\n\n\n\n<p>Sofern auf Verweisziele (\u201eLinks\u201c) direkt oder indirekt verwiesen wird, die au\u00dferhalb des Verantwortungsbereiches des Herausgebers liegen, haftet f\u00fcr deren Inhalt und insbesondere f\u00fcr Sch\u00e4den, die aus der Nutzung oder Nichtnutzung der dort dargebotenen Informationen entstehen, allein der Anbieter dieser Seiten, nicht derjenige, der \u00fcber Links auf die jeweilige Ver\u00f6ffentlichung lediglich verweist. Die Betreiber dieser Seite distanzieren sich daher ausdr\u00fccklich von den Inhalten dieser Seiten.<\/p>\n\n\n\n<h3 class=\"wp-block-heading\"><strong>3. Urheber- und Kennzeichenrecht<\/strong><\/h3>\n\n\n\n<p>Alle innerhalb des Internetangebots genannten und ggf. durch Dritte gesch\u00fctzten Marken- und Warenzeichen unterliegen uneingeschr\u00e4nkt den Bestimmungen des jeweils g\u00fcltigen Kennzeichenrechts und den Besitzrechten der jeweiligen eingetragenen Eigent\u00fcmer. Allein aufgrund der blo\u00dfen Nennung ist nicht der Schluss zu ziehen, dass Markenzeichen nicht durch Rechte Dritter gesch\u00fctzt sind.<\/p>\n\n\n\n<h3 class=\"wp-block-heading\"><strong>4. Rechtswirksamkeit dieses Haftungsausschlusses<\/strong><\/h3>\n\n\n\n<p>Dieser Haftungsausschluss ist als Teil des Internetangebotes zu betrachten, von dem aus auf diese Seite verwiesen wurde. Sofern Teile oder einzelne Formulierungen dieses Textes der geltenden Rechtslage nicht, nicht mehr oder nicht vollst\u00e4ndig entsprechen sollten, bleiben die \u00fcbrigen Teile des Dokuments in ihrem Inhalt und ihrer G\u00fcltigkeit davon unber\u00fchrt.<\/p>\n","protected":false},"excerpt":{"rendered":"<p>Verantwortlich f\u00fcr Text und Inhalt: Wolfram Ebenh\u00f6hBahnhofstra\u00dfe 785386 Eching Sitz der Firma85386 Eching Lkr. Freising;Tel. Nr.&nbsp; 089 \/ 3 19&#8230;<\/p>\n","protected":false},"author":1,"featured_media":0,"parent":0,"menu_order":0,"comment_status":"closed","ping_status":"closed","template":"","meta":{"footnotes":""},"class_list":["post-26","page","type-page","status-publish","hentry"],"_links":{"self":[{"href":"https:\/\/ebenhoeh.pc-heike.de\/HP\/index.php?rest_route=\/wp\/v2\/pages\/26","targetHints":{"allow":["GET"]}}],"collection":[{"href":"https:\/\/ebenhoeh.pc-heike.de\/HP\/index.php?rest_route=\/wp\/v2\/pages"}],"about":[{"href":"https:\/\/ebenhoeh.pc-heike.de\/HP\/index.php?rest_route=\/wp\/v2\/types\/page"}],"author":[{"embeddable":true,"href":"https:\/\/ebenhoeh.pc-heike.de\/HP\/index.php?rest_route=\/wp\/v2\/users\/1"}],"replies":[{"embeddable":true,"href":"https:\/\/ebenhoeh.pc-heike.de\/HP\/index.php?rest_route=%2Fwp%2Fv2%2Fcomments&post=26"}],"version-history":[{"count":5,"href":"https:\/\/ebenhoeh.pc-heike.de\/HP\/index.php?rest_route=\/wp\/v2\/pages\/26\/revisions"}],"predecessor-version":[{"id":199,"href":"https:\/\/ebenhoeh.pc-heike.de\/HP\/index.php?rest_route=\/wp\/v2\/pages\/26\/revisions\/199"}],"wp:attachment":[{"href":"https:\/\/ebenhoeh.pc-heike.de\/HP\/index.php?rest_route=%2Fwp%2Fv2%2Fmedia&parent=26"}],"curies":[{"name":"wp","href":"https:\/\/api.w.org\/{rel}","templated":true}]}}